{"id":1169,"date":"2023-07-20T11:53:43","date_gmt":"2023-07-20T09:53:43","guid":{"rendered":"https:\/\/hautjurapiecesauto.fr\/?page_id=1169"},"modified":"2023-09-03T17:17:04","modified_gmt":"2023-09-03T15:17:04","slug":"informations-legales","status":"publish","type":"page","link":"https:\/\/hautjurapiecesauto.fr\/?page_id=1169","title":{"rendered":"Informations L\u00e9gales"},"content":{"rendered":"\n<p><\/p>\n\n\n\n<div class=\"wp-block-columns is-style-default has-primary-color has-third-background-color has-text-color has-background is-layout-flex wp-container-core-columns-is-layout-059203fb wp-block-columns-is-layout-flex\" style=\"border-style:none;border-width:0px;padding-top:var(--wp--preset--spacing--60);padding-right:var(--wp--preset--spacing--60);padding-bottom:var(--wp--preset--spacing--60);padding-left:var(--wp--preset--spacing--60)\">\n<div class=\"wp-block-column is-layout-flow wp-block-column-is-layout-flow\" style=\"flex-basis:100%\">\n<div class=\"wp-block-group is-layout-constrained wp-block-group-is-layout-constrained\">\n<h3 class=\"wp-block-heading has-text-align-left\">Informations L\u00e9gales<\/h3>\n\n\n\n<ul class=\"wp-block-list\">\n<li>D\u00e9nomination ou raison sociale \n<ul class=\"wp-block-list\">\n<li>EURL HAUT JURA PIECES AUTO<\/li>\n<\/ul>\n<\/li>\n\n\n\n<li>Nom du responsable de la r\u00e9daction pour les sites publiant des contenus \u00e9ditoriaux ;&nbsp;\n<ul class=\"wp-block-list\">\n<li>Pierre-Yves Rougemont<\/li>\n<\/ul>\n<\/li>\n\n\n\n<li>Coordonn\u00e9es t\u00e9l\u00e9phoniques \n<ul class=\"wp-block-list\">\n<li>&nbsp;&nbsp;03 84 42 82 14<\/li>\n<\/ul>\n<\/li>\n\n\n\n<li>Nom du directeur ou du codirecteur de la publication \u00a0\n<ul class=\"wp-block-list\">\n<li>&nbsp;Pierre-Yves Rougemont<\/li>\n<\/ul>\n<\/li>\n\n\n\n<li>Adresse du\u00a0si\u00e8ge social\u00a0\n<ul class=\"wp-block-list\">\n<li>43 Grande Rue, 39170 Coteaux du Lizon<\/li>\n<\/ul>\n<\/li>\n\n\n\n<li>Num\u00e9ro d\u2019inscription au RCS&nbsp;\n<ul class=\"wp-block-list\">\n<li>513810457<\/li>\n<\/ul>\n<\/li>\n\n\n\n<li>&nbsp;Montant du capital\n<ul class=\"wp-block-list\">\n<li>200 000 \u20ac<\/li>\n<\/ul>\n<\/li>\n\n\n\n<li>Renseignements concernant l\u2019h\u00e9bergeur du site (nom, d\u00e9nomination ou raison sociale, adresse et num\u00e9ro de t\u00e9l\u00e9phone).<\/li>\n<\/ul>\n\n\n\n<p>HOSTINGER, UAB<\/p>\n\n\n\n<p>Rue Jonavos 60C, Kaunas 44192 Lituanie<\/p>\n\n\n\n<p>T\u00e9l\u00e9phone :&nbsp;+37064503378<\/p>\n\n\n\n<p>Email :&nbsp;<a href=\"mailto:domains@hostinger.com\"><u>domains@hostinger.com<\/u><\/a><\/p>\n\n\n\n<h3 class=\"wp-block-heading\"> RGPD<\/h3>\n\n\n\n<h3 class=\"wp-block-heading\">Les mentions obligatoires<\/h3>\n\n\n\n<ul class=\"wp-block-list\">\n<li>L\u2019identit\u00e9 et les coordonn\u00e9es du responsable de traitement des donn\u00e9es.\n<ul class=\"wp-block-list\">\n<li>Pierre-Yves Rougemont&nbsp;43 Grande Rue, 39170 Coteaux du Lizon.<\/li>\n<\/ul>\n<\/li>\n\n\n\n<li>La finalit\u00e9 et la base juridique du traitement des donn\u00e9es. \n<ul class=\"wp-block-list\">\n<li>Les donn\u00e9es sont utilis\u00e9es dans le cadre d&rsquo;\u00e9changes d&rsquo;informations avec les clients.<\/li>\n<\/ul>\n<\/li>\n\n\n\n<li>Le caract\u00e8re ou non obligatoire de la collecte des donn\u00e9es\n<ul class=\"wp-block-list\">\n<li>non<\/li>\n<\/ul>\n<\/li>\n\n\n\n<li>Le destinataire des donn\u00e9es&nbsp;\n<ul class=\"wp-block-list\">\n<li>Haut Jura Pi\u00e8ces Auto<\/li>\n<\/ul>\n<\/li>\n\n\n\n<li>La dur\u00e9e de conservation des donn\u00e9es\n<ul class=\"wp-block-list\">\n<li>Non Limit\u00e9e<\/li>\n<\/ul>\n<\/li>\n\n\n\n<li>Les droits des clients sur les donn\u00e9es collect\u00e9es et trait\u00e9es\n<ul class=\"wp-block-list\">\n<li>&nbsp;Retrait Sur demande<\/li>\n<\/ul>\n<\/li>\n\n\n\n<li>&nbsp;Le droit du client d\u2019introduire une r\u00e9clamation\n<ul class=\"wp-block-list\">\n<li>Sur demande par le formulaire de contact du site<\/li>\n<\/ul>\n<\/li>\n<\/ul>\n\n\n\n<h3 class=\"wp-block-heading\">Informations sur les droits des clients et utilisateurs<\/h3>\n\n\n\n<ul class=\"wp-block-list\">\n<li>d\u2019acc\u00e8s aux donn\u00e9es<\/li>\n\n\n\n<li>de rectification : chaque client peut corriger ou compl\u00e9ter ses donn\u00e9es<\/li>\n\n\n\n<li>d\u2019opposition : chaque client peut refuser le traitement de ses donn\u00e9es (et ce \u00e0 tout moment)<\/li>\n\n\n\n<li>\u00e0 l\u2019effacement des donn\u00e9es<\/li>\n\n\n\n<li>\u00e0 la portabilit\u00e9 des donn\u00e9es : chaque client peut r\u00e9cup\u00e9rer les donn\u00e9es qu\u2019il a fournies \u00e0 l\u2019organisme collecteur<\/li>\n\n\n\n<li>de limitation du traitement : chaque client peut demander sous certaines conditions le gel de l\u2019utilisation de ses donn\u00e9es<\/li>\n<\/ul>\n<\/div>\n<\/div>\n<\/div>\n","protected":false},"excerpt":{"rendered":"<p>Informations L\u00e9gales HOSTINGER, UAB Rue Jonavos 60C, Kaunas 44192 Lituanie T\u00e9l\u00e9phone :&nbsp;+37064503378 Email :&nbsp;domains@hostinger.com RGPD Les mentions obligatoires Informations sur les droits des clients et utilisateurs<\/p>\n","protected":false},"author":1,"featured_media":0,"parent":0,"menu_order":0,"comment_status":"closed","ping_status":"closed","template":"","meta":{"footnotes":""},"class_list":["post-1169","page","type-page","status-publish","hentry"],"_links":{"self":[{"href":"https:\/\/hautjurapiecesauto.fr\/index.php?rest_route=\/wp\/v2\/pages\/1169","targetHints":{"allow":["GET"]}}],"collection":[{"href":"https:\/\/hautjurapiecesauto.fr\/index.php?rest_route=\/wp\/v2\/pages"}],"about":[{"href":"https:\/\/hautjurapiecesauto.fr\/index.php?rest_route=\/wp\/v2\/types\/page"}],"author":[{"embeddable":true,"href":"https:\/\/hautjurapiecesauto.fr\/index.php?rest_route=\/wp\/v2\/users\/1"}],"replies":[{"embeddable":true,"href":"https:\/\/hautjurapiecesauto.fr\/index.php?rest_route=%2Fwp%2Fv2%2Fcomments&post=1169"}],"version-history":[{"count":12,"href":"https:\/\/hautjurapiecesauto.fr\/index.php?rest_route=\/wp\/v2\/pages\/1169\/revisions"}],"predecessor-version":[{"id":1854,"href":"https:\/\/hautjurapiecesauto.fr\/index.php?rest_route=\/wp\/v2\/pages\/1169\/revisions\/1854"}],"wp:attachment":[{"href":"https:\/\/hautjurapiecesauto.fr\/index.php?rest_route=%2Fwp%2Fv2%2Fmedia&parent=1169"}],"curies":[{"name":"wp","href":"https:\/\/api.w.org\/{rel}","templated":true}]}}