{"id":1825,"date":"2023-09-02T18:33:48","date_gmt":"2023-09-02T16:33:48","guid":{"rendered":"https:\/\/hautjurapiecesauto.fr\/?page_id=1825"},"modified":"2023-09-04T16:51:04","modified_gmt":"2023-09-04T14:51:04","slug":"conditions-generales-de-vente","status":"publish","type":"page","link":"https:\/\/hautjurapiecesauto.fr\/?page_id=1825","title":{"rendered":"Conditions G\u00e9n\u00e9rales de vente"},"content":{"rendered":"\n<div class=\"wp-block-group is-style-default has-sixth-color has-text-color is-layout-constrained wp-container-core-group-is-layout-e7ff16d6 wp-block-group-is-layout-constrained\" style=\"padding-top:var(--wp--preset--spacing--80);padding-right:var(--wp--preset--spacing--80);padding-bottom:var(--wp--preset--spacing--80);padding-left:var(--wp--preset--spacing--80)\">\n<p class=\"has-normal-font-size\">Eurl au capital de  200 000 \u20ac<\/p>\n\n\n\n<p class=\"has-normal-font-size\">Siret 51381045700012<\/p>\n\n\n\n<p class=\"has-normal-font-size\">APE 4532Z<\/p>\n\n\n\n<p class=\"has-normal-font-size\">CCI Saint Claude Jura<\/p>\n\n\n\n<p class=\"has-normal-font-size\"><\/p>\n\n\n\n<p class=\"has-normal-font-size\">Conform\u00e9ment \u00e0 la loi 80.335 du 12 mai 1980, le vendeur conserve la propri\u00e9t\u00e9 pleine et enti\u00e8re des Marchandises vendues jusqu&rsquo;\u00e0 paiement int\u00e9grale du prix. Tout d\u00e9passement de l&rsquo;\u00e9ch\u00e9ance entrainera l&rsquo;exigibilit\u00e9 imm\u00e9diate de toutes sommes dues et l&rsquo;application, selon la loi n 2008.776 du 04\/08\/08, \u00e0 compter de ce jour suivant ladite \u00e9ch\u00e9ance, de p\u00e9nalit\u00e9s d&rsquo;un montant \u00e9gal \u00e0 3 fois le taux d&rsquo;int\u00e9r\u00eat l\u00e9gal et d&rsquo;une majoration de 15% des sommes dues, avec un minimum de 200 \u20ac et ce \u00e0 titre de clause p\u00e9nale et de l&rsquo;application d&rsquo;une indemnit\u00e9 forfaitaire pour frais de recouvrement d&rsquo;un montant de 40 \u20ac par facture impay\u00e9e. En cas de litige, seul le tribunal de commerce de Lons Le Saunier sera comp\u00e9tent. TVA acquitt\u00e9e sur les d\u00e9bits.<\/p>\n\n\n\n<p><\/p>\n<\/div>\n","protected":false},"excerpt":{"rendered":"<p>Eurl au capital de 200 000 \u20ac Siret 51381045700012 APE 4532Z CCI Saint Claude Jura Conform\u00e9ment \u00e0 la loi 80.335 du 12 mai 1980, le vendeur conserve la propri\u00e9t\u00e9 pleine et enti\u00e8re des Marchandises vendues jusqu&rsquo;\u00e0 paiement int\u00e9grale du prix. Tout d\u00e9passement de l&rsquo;\u00e9ch\u00e9ance entrainera l&rsquo;exigibilit\u00e9 imm\u00e9diate de toutes sommes dues et l&rsquo;application, selon la loi n 2008.776 du 04\/08\/08, \u00e0 compter de ce jour suivant ladite \u00e9ch\u00e9ance, de p\u00e9nalit\u00e9s d&rsquo;un montant \u00e9gal \u00e0 3 fois le taux d&rsquo;int\u00e9r\u00eat l\u00e9gal et d&rsquo;une majoration de 15% des sommes dues, avec un minimum de 200 \u20ac et ce \u00e0 titre de clause<\/p>\n","protected":false},"author":1,"featured_media":0,"parent":0,"menu_order":0,"comment_status":"closed","ping_status":"closed","template":"","meta":{"footnotes":""},"class_list":["post-1825","page","type-page","status-publish","hentry"],"_links":{"self":[{"href":"https:\/\/hautjurapiecesauto.fr\/index.php?rest_route=\/wp\/v2\/pages\/1825","targetHints":{"allow":["GET"]}}],"collection":[{"href":"https:\/\/hautjurapiecesauto.fr\/index.php?rest_route=\/wp\/v2\/pages"}],"about":[{"href":"https:\/\/hautjurapiecesauto.fr\/index.php?rest_route=\/wp\/v2\/types\/page"}],"author":[{"embeddable":true,"href":"https:\/\/hautjurapiecesauto.fr\/index.php?rest_route=\/wp\/v2\/users\/1"}],"replies":[{"embeddable":true,"href":"https:\/\/hautjurapiecesauto.fr\/index.php?rest_route=%2Fwp%2Fv2%2Fcomments&post=1825"}],"version-history":[{"count":9,"href":"https:\/\/hautjurapiecesauto.fr\/index.php?rest_route=\/wp\/v2\/pages\/1825\/revisions"}],"predecessor-version":[{"id":1864,"href":"https:\/\/hautjurapiecesauto.fr\/index.php?rest_route=\/wp\/v2\/pages\/1825\/revisions\/1864"}],"wp:attachment":[{"href":"https:\/\/hautjurapiecesauto.fr\/index.php?rest_route=%2Fwp%2Fv2%2Fmedia&parent=1825"}],"curies":[{"name":"wp","href":"https:\/\/api.w.org\/{rel}","templated":true}]}}