{"id":1901,"date":"2023-09-23T13:52:06","date_gmt":"2023-09-23T11:52:06","guid":{"rendered":"https:\/\/hautjurapiecesauto.fr\/?page_id=1901"},"modified":"2023-09-23T13:52:06","modified_gmt":"2023-09-23T11:52:06","slug":"jauge-poids-par-roue","status":"publish","type":"page","link":"https:\/\/hautjurapiecesauto.fr\/?page_id=1901","title":{"rendered":"Jauge poids par roue"},"content":{"rendered":"\n<p class=\"has-text-align-center has-black-color has-text-color has-normal-font-size\"><strong>Cet appareil permet de mesurer le poids sur chaque roue,<br>en prenant appui sur le bord de la jante. Un patin anti-glissement \u00e9vite d\u2019endommager la jante.<br>Pratique et rapide d\u2019utilisation<\/strong>.<br><strong>Syst\u00e8me \u00e9conomique mais efficace tr\u00e8s utilis\u00e9 au Royaume-Uni. <\/strong><br><strong>415\u20acht soit 498\u20acttc<\/strong><\/p>\n","protected":false},"excerpt":{"rendered":"<p>Cet appareil permet de mesurer le poids sur chaque roue,en prenant appui sur le bord de la jante. Un patin anti-glissement \u00e9vite d\u2019endommager la jante.Pratique et rapide d\u2019utilisation.Syst\u00e8me \u00e9conomique mais efficace tr\u00e8s utilis\u00e9 au Royaume-Uni. 415\u20acht soit 498\u20acttc<\/p>\n","protected":false},"author":1,"featured_media":0,"parent":0,"menu_order":0,"comment_status":"closed","ping_status":"closed","template":"wp-custom-template-ff-1600-parts","meta":{"footnotes":""},"class_list":["post-1901","page","type-page","status-publish","hentry"],"_links":{"self":[{"href":"https:\/\/hautjurapiecesauto.fr\/index.php?rest_route=\/wp\/v2\/pages\/1901","targetHints":{"allow":["GET"]}}],"collection":[{"href":"https:\/\/hautjurapiecesauto.fr\/index.php?rest_route=\/wp\/v2\/pages"}],"about":[{"href":"https:\/\/hautjurapiecesauto.fr\/index.php?rest_route=\/wp\/v2\/types\/page"}],"author":[{"embeddable":true,"href":"https:\/\/hautjurapiecesauto.fr\/index.php?rest_route=\/wp\/v2\/users\/1"}],"replies":[{"embeddable":true,"href":"https:\/\/hautjurapiecesauto.fr\/index.php?rest_route=%2Fwp%2Fv2%2Fcomments&post=1901"}],"version-history":[{"count":1,"href":"https:\/\/hautjurapiecesauto.fr\/index.php?rest_route=\/wp\/v2\/pages\/1901\/revisions"}],"predecessor-version":[{"id":1902,"href":"https:\/\/hautjurapiecesauto.fr\/index.php?rest_route=\/wp\/v2\/pages\/1901\/revisions\/1902"}],"wp:attachment":[{"href":"https:\/\/hautjurapiecesauto.fr\/index.php?rest_route=%2Fwp%2Fv2%2Fmedia&parent=1901"}],"curies":[{"name":"wp","href":"https:\/\/api.w.org\/{rel}","templated":true}]}}