{"id":1976,"date":"2024-01-05T15:07:01","date_gmt":"2024-01-05T14:07:01","guid":{"rendered":"https:\/\/hautjurapiecesauto.fr\/?page_id=1976"},"modified":"2024-01-05T17:25:44","modified_gmt":"2024-01-05T16:25:44","slug":"pompe-a-huile-2","status":"publish","type":"page","link":"https:\/\/hautjurapiecesauto.fr\/?page_id=1976","title":{"rendered":"Pompe \u00e0 huile"},"content":{"rendered":"\n<div class=\"section-wrapper\" data-id=\"ogRrD4\"><section class=\"wp-block-gutenverse-section guten-element guten-section guten-ogRrD4 layout-boxed align-stretch\"><div class=\"guten-background-overlay\"><\/div><div class=\"guten-shape-divider guten-shape-divider-top\"><\/div><div class=\"guten-shape-divider guten-shape-divider-bottom\"><\/div><div class=\"guten-container guten-column-gap-default\">\n<div class=\"wp-block-gutenverse-column guten-element guten-column guten-owOgYV\"><div class=\"guten-background-overlay\"><\/div><div class=\"sticky-wrapper\" data-id=\"owOgYV\"><div class=\"guten-column-wrapper\"><\/div><\/div><\/div>\n\n\n\n<div class=\"wp-block-gutenverse-column guten-element guten-column guten-C5VMtX\"><div class=\"guten-background-overlay\"><\/div><div class=\"sticky-wrapper\" data-id=\"C5VMtX\"><div class=\"guten-column-wrapper\">\n<p class=\"has-text-align-center has-primary-color has-text-color has-normal-font-size\">               Pompe \u00e0 huile sp\u00e9cifique bloc Kent avec filtre int\u00e9gr\u00e9<br>             Qualit\u00e9 PaceProducts<br><strong>           798\u20acht soit 957\u20acttc<\/strong><\/p>\n<\/div><\/div><\/div>\n\n\n\n<div class=\"wp-block-gutenverse-column guten-element guten-column guten-XHT8iT\"><div class=\"guten-background-overlay\"><\/div><div class=\"sticky-wrapper\" data-id=\"XHT8iT\"><div class=\"guten-column-wrapper\"><\/div><\/div><\/div>\n<\/div><\/section><\/div>\n\n\n\n<div class=\"section-wrapper\" data-id=\"wf8TKm\"><section class=\"wp-block-gutenverse-section guten-element guten-section guten-wf8TKm layout-boxed align-stretch\"><div class=\"guten-background-overlay\"><\/div><div class=\"guten-shape-divider guten-shape-divider-top\"><\/div><div class=\"guten-shape-divider guten-shape-divider-bottom\"><\/div><div class=\"guten-container guten-column-gap-default\">\n<div class=\"wp-block-gutenverse-column guten-element guten-column guten-o0SD9A\"><div class=\"guten-background-overlay\"><\/div><div class=\"sticky-wrapper\" data-id=\"o0SD9A\"><div class=\"guten-column-wrapper\">\n<figure class=\"wp-block-image size-large\"><img loading=\"lazy\" decoding=\"async\" width=\"768\" height=\"1024\" src=\"https:\/\/hautjurapiecesauto.fr\/wp-content\/uploads\/2024\/01\/ppe-a-huile-1-768x1024.jpg\" alt=\"\" class=\"wp-image-1987\" srcset=\"https:\/\/hautjurapiecesauto.fr\/wp-content\/uploads\/2024\/01\/ppe-a-huile-1-768x1024.jpg 768w, https:\/\/hautjurapiecesauto.fr\/wp-content\/uploads\/2024\/01\/ppe-a-huile-1-225x300.jpg 225w, https:\/\/hautjurapiecesauto.fr\/wp-content\/uploads\/2024\/01\/ppe-a-huile-1-1152x1536.jpg 1152w, https:\/\/hautjurapiecesauto.fr\/wp-content\/uploads\/2024\/01\/ppe-a-huile-1-1536x2048.jpg 1536w, https:\/\/hautjurapiecesauto.fr\/wp-content\/uploads\/2024\/01\/ppe-a-huile-1-scaled.jpg 1920w\" sizes=\"auto, (max-width: 768px) 100vw, 768px\" \/><\/figure>\n<\/div><\/div><\/div>\n\n\n\n<div class=\"wp-block-gutenverse-column guten-element guten-column guten-MvilFz\"><div class=\"guten-background-overlay\"><\/div><div class=\"sticky-wrapper\" data-id=\"MvilFz\"><div class=\"guten-column-wrapper\">\n<figure class=\"wp-block-image size-large\"><img loading=\"lazy\" decoding=\"async\" width=\"768\" height=\"1024\" src=\"https:\/\/hautjurapiecesauto.fr\/wp-content\/uploads\/2024\/01\/ppe-a-huile-2-768x1024.jpg\" alt=\"\" class=\"wp-image-1989\" srcset=\"https:\/\/hautjurapiecesauto.fr\/wp-content\/uploads\/2024\/01\/ppe-a-huile-2-768x1024.jpg 768w, https:\/\/hautjurapiecesauto.fr\/wp-content\/uploads\/2024\/01\/ppe-a-huile-2-225x300.jpg 225w, https:\/\/hautjurapiecesauto.fr\/wp-content\/uploads\/2024\/01\/ppe-a-huile-2-1152x1536.jpg 1152w, https:\/\/hautjurapiecesauto.fr\/wp-content\/uploads\/2024\/01\/ppe-a-huile-2-1536x2048.jpg 1536w, https:\/\/hautjurapiecesauto.fr\/wp-content\/uploads\/2024\/01\/ppe-a-huile-2-scaled.jpg 1920w\" sizes=\"auto, (max-width: 768px) 100vw, 768px\" \/><\/figure>\n<\/div><\/div><\/div>\n\n\n\n<div class=\"wp-block-gutenverse-column guten-element guten-column guten-lmIQpz\"><div class=\"guten-background-overlay\"><\/div><div class=\"sticky-wrapper\" data-id=\"lmIQpz\"><div class=\"guten-column-wrapper\">\n<figure class=\"wp-block-image size-large\"><img loading=\"lazy\" decoding=\"async\" width=\"768\" height=\"1024\" src=\"https:\/\/hautjurapiecesauto.fr\/wp-content\/uploads\/2024\/01\/ppe-a-huile-3-768x1024.jpg\" alt=\"\" class=\"wp-image-1988\" srcset=\"https:\/\/hautjurapiecesauto.fr\/wp-content\/uploads\/2024\/01\/ppe-a-huile-3-768x1024.jpg 768w, https:\/\/hautjurapiecesauto.fr\/wp-content\/uploads\/2024\/01\/ppe-a-huile-3-225x300.jpg 225w, https:\/\/hautjurapiecesauto.fr\/wp-content\/uploads\/2024\/01\/ppe-a-huile-3-1152x1536.jpg 1152w, https:\/\/hautjurapiecesauto.fr\/wp-content\/uploads\/2024\/01\/ppe-a-huile-3-1536x2048.jpg 1536w, https:\/\/hautjurapiecesauto.fr\/wp-content\/uploads\/2024\/01\/ppe-a-huile-3-scaled.jpg 1920w\" sizes=\"auto, (max-width: 768px) 100vw, 768px\" \/><\/figure>\n<\/div><\/div><\/div>\n<\/div><\/section><\/div>\n","protected":false},"excerpt":{"rendered":"","protected":false},"author":1,"featured_media":0,"parent":0,"menu_order":0,"comment_status":"closed","ping_status":"closed","template":"wp-custom-template-ff-1600-parts","meta":{"footnotes":""},"class_list":["post-1976","page","type-page","status-publish","hentry"],"_links":{"self":[{"href":"https:\/\/hautjurapiecesauto.fr\/index.php?rest_route=\/wp\/v2\/pages\/1976","targetHints":{"allow":["GET"]}}],"collection":[{"href":"https:\/\/hautjurapiecesauto.fr\/index.php?rest_route=\/wp\/v2\/pages"}],"about":[{"href":"https:\/\/hautjurapiecesauto.fr\/index.php?rest_route=\/wp\/v2\/types\/page"}],"author":[{"embeddable":true,"href":"https:\/\/hautjurapiecesauto.fr\/index.php?rest_route=\/wp\/v2\/users\/1"}],"replies":[{"embeddable":true,"href":"https:\/\/hautjurapiecesauto.fr\/index.php?rest_route=%2Fwp%2Fv2%2Fcomments&post=1976"}],"version-history":[{"count":5,"href":"https:\/\/hautjurapiecesauto.fr\/index.php?rest_route=\/wp\/v2\/pages\/1976\/revisions"}],"predecessor-version":[{"id":1999,"href":"https:\/\/hautjurapiecesauto.fr\/index.php?rest_route=\/wp\/v2\/pages\/1976\/revisions\/1999"}],"wp:attachment":[{"href":"https:\/\/hautjurapiecesauto.fr\/index.php?rest_route=%2Fwp%2Fv2%2Fmedia&parent=1976"}],"curies":[{"name":"wp","href":"https:\/\/api.w.org\/{rel}","templated":true}]}}