{"id":2168,"date":"2024-07-05T11:36:54","date_gmt":"2024-07-05T09:36:54","guid":{"rendered":"https:\/\/hautjurapiecesauto.fr\/?page_id=2168"},"modified":"2024-07-05T11:45:16","modified_gmt":"2024-07-05T09:45:16","slug":"lampe-stromboscopique-gunson","status":"publish","type":"page","link":"https:\/\/hautjurapiecesauto.fr\/?page_id=2168","title":{"rendered":"Lampe stromboscopique Gunson"},"content":{"rendered":"\n<div class=\"section-wrapper\" data-id=\"XsJA8q\"><section class=\"wp-block-gutenverse-section guten-element guten-section guten-XsJA8q layout-boxed align-stretch\"><div class=\"guten-background-overlay\"><\/div><div class=\"guten-shape-divider guten-shape-divider-top\"><\/div><div class=\"guten-shape-divider guten-shape-divider-bottom\"><\/div><div class=\"guten-container guten-column-gap-default\">\n<div class=\"wp-block-gutenverse-column guten-element guten-column guten-OUIQVc\"><div class=\"guten-background-overlay\"><\/div><div class=\"sticky-wrapper\" data-id=\"OUIQVc\"><div class=\"guten-column-wrapper\"><\/div><\/div><\/div>\n\n\n\n<div class=\"wp-block-gutenverse-column guten-element guten-column guten-VaudWR\"><div class=\"guten-background-overlay\"><\/div><div class=\"sticky-wrapper\" data-id=\"VaudWR\"><div class=\"guten-column-wrapper\">\n<p class=\"has-text-align-center has-primary-color has-text-color has-tiny-font-size\">Elle permet le r\u00e9glage d&rsquo;avance d&rsquo;allumage de 0 \u00e0 60\u00b0.<br><strong>Ampoule x\u00e9non de 12V<\/strong>\u00a0g\u00e9n\u00e9rant une lumi\u00e8re blanche\/bleue brillante. Fonctionne sur tous les syst\u00e8mes d&rsquo;allumage 12V.<br>Capacit\u00e9 : 1 million de flash.<br>Performance jusque 8 000 trs\/min.<br>Protection contre la surcharge et les inversions de polarit\u00e9.<br>La pince \u00e0 induction vous \u00e9vite d&rsquo;enlever le fil de la bougie pour effectuer le r\u00e9glage.<\/p>\n<\/div><\/div><\/div>\n\n\n\n<div class=\"wp-block-gutenverse-column guten-element guten-column guten-v66sA7\"><div class=\"guten-background-overlay\"><\/div><div class=\"sticky-wrapper\" data-id=\"v66sA7\"><div class=\"guten-column-wrapper\"><\/div><\/div><\/div>\n<\/div><\/section><\/div>\n\n\n\n<div class=\"section-wrapper\" data-id=\"nmKjQi\"><section class=\"wp-block-gutenverse-section guten-element guten-section guten-nmKjQi layout-boxed align-stretch\"><div class=\"guten-background-overlay\"><\/div><div class=\"guten-shape-divider guten-shape-divider-top\"><\/div><div class=\"guten-shape-divider guten-shape-divider-bottom\"><\/div><div class=\"guten-container guten-column-gap-default\">\n<div class=\"wp-block-gutenverse-column guten-element guten-column guten-i5axMr\"><div class=\"guten-background-overlay\"><\/div><div class=\"sticky-wrapper\" data-id=\"i5axMr\"><div class=\"guten-column-wrapper\"><\/div><\/div><\/div>\n\n\n\n<div class=\"wp-block-gutenverse-column guten-element guten-column guten-77TdZ2\"><div class=\"guten-background-overlay\"><\/div><div class=\"sticky-wrapper\" data-id=\"77TdZ2\"><div class=\"guten-column-wrapper\">\n<p class=\"has-text-align-center has-primary-color has-text-color has-normal-font-size\"><strong>115\u20acht soit 138\u20acttc<\/strong><\/p>\n<\/div><\/div><\/div>\n\n\n\n<div class=\"wp-block-gutenverse-column guten-element guten-column guten-1dBUqf\"><div class=\"guten-background-overlay\"><\/div><div class=\"sticky-wrapper\" data-id=\"1dBUqf\"><div class=\"guten-column-wrapper\"><\/div><\/div><\/div>\n<\/div><\/section><\/div>\n\n\n\n<div class=\"section-wrapper\" data-id=\"Sz6V6B\"><section class=\"wp-block-gutenverse-section guten-element guten-section guten-Sz6V6B layout-boxed align-stretch\"><div class=\"guten-background-overlay\"><\/div><div class=\"guten-shape-divider guten-shape-divider-top\"><\/div><div class=\"guten-shape-divider guten-shape-divider-bottom\"><\/div><div class=\"guten-container guten-column-gap-default\">\n<div class=\"wp-block-gutenverse-column guten-element guten-column guten-OrTrUl\"><div class=\"guten-background-overlay\"><\/div><div class=\"sticky-wrapper\" data-id=\"OrTrUl\"><div class=\"guten-column-wrapper\">\n<figure class=\"wp-block-image size-full\"><img loading=\"lazy\" decoding=\"async\" width=\"900\" height=\"900\" src=\"https:\/\/hautjurapiecesauto.fr\/wp-content\/uploads\/2024\/07\/gunson-2.jpg\" alt=\"\" class=\"wp-image-2170\" srcset=\"https:\/\/hautjurapiecesauto.fr\/wp-content\/uploads\/2024\/07\/gunson-2.jpg 900w, https:\/\/hautjurapiecesauto.fr\/wp-content\/uploads\/2024\/07\/gunson-2-300x300.jpg 300w, https:\/\/hautjurapiecesauto.fr\/wp-content\/uploads\/2024\/07\/gunson-2-150x150.jpg 150w, https:\/\/hautjurapiecesauto.fr\/wp-content\/uploads\/2024\/07\/gunson-2-768x768.jpg 768w\" sizes=\"auto, (max-width: 900px) 100vw, 900px\" \/><\/figure>\n<\/div><\/div><\/div>\n\n\n\n<div class=\"wp-block-gutenverse-column guten-element guten-column guten-u3MxNz\"><div class=\"guten-background-overlay\"><\/div><div class=\"sticky-wrapper\" data-id=\"u3MxNz\"><div class=\"guten-column-wrapper\">\n<figure class=\"guten-element guten-video guten-VNt58u\"><div class=\"guten-video-wrapper\" data-property=\"{&quot;url&quot;:&quot;https:\/\/www.youtube.com\/watch?v=Cdq_yiDXdYw&amp;t=2s&amp;ab_channel=NorautoFrance&quot;,&quot;class&quot;:&quot;guten-video-background&quot;,&quot;width&quot;:&quot;100%&quot;,&quot;height&quot;:&quot;500px&quot;,&quot;controls&quot;:true,&quot;playsinline&quot;:true,&quot;style&quot;:{},&quot;config&quot;:{&quot;youtube&quot;:{&quot;playerVars&quot;:{}}}}\"><\/div><\/figure>\n<\/div><\/div><\/div>\n\n\n\n<div class=\"wp-block-gutenverse-column guten-element guten-column guten-KgAFxT\"><div class=\"guten-background-overlay\"><\/div><div class=\"sticky-wrapper\" data-id=\"KgAFxT\"><div class=\"guten-column-wrapper\">\n<figure class=\"wp-block-image aligncenter size-full is-resized\"><img loading=\"lazy\" decoding=\"async\" src=\"http:\/\/hautjurapiecesauto.fr\/wp-content\/uploads\/2024\/07\/Gunsno.jpg\" alt=\"\" class=\"wp-image-2165\" width=\"448\" height=\"448\" srcset=\"https:\/\/hautjurapiecesauto.fr\/wp-content\/uploads\/2024\/07\/Gunsno.jpg 900w, https:\/\/hautjurapiecesauto.fr\/wp-content\/uploads\/2024\/07\/Gunsno-300x300.jpg 300w, https:\/\/hautjurapiecesauto.fr\/wp-content\/uploads\/2024\/07\/Gunsno-150x150.jpg 150w, https:\/\/hautjurapiecesauto.fr\/wp-content\/uploads\/2024\/07\/Gunsno-768x768.jpg 768w\" sizes=\"auto, (max-width: 448px) 100vw, 448px\" \/><\/figure>\n<\/div><\/div><\/div>\n<\/div><\/section><\/div>\n","protected":false},"excerpt":{"rendered":"","protected":false},"author":1,"featured_media":0,"parent":0,"menu_order":0,"comment_status":"closed","ping_status":"closed","template":"wp-custom-template-ff-1600-parts","meta":{"footnotes":""},"class_list":["post-2168","page","type-page","status-publish","hentry"],"_links":{"self":[{"href":"https:\/\/hautjurapiecesauto.fr\/index.php?rest_route=\/wp\/v2\/pages\/2168","targetHints":{"allow":["GET"]}}],"collection":[{"href":"https:\/\/hautjurapiecesauto.fr\/index.php?rest_route=\/wp\/v2\/pages"}],"about":[{"href":"https:\/\/hautjurapiecesauto.fr\/index.php?rest_route=\/wp\/v2\/types\/page"}],"author":[{"embeddable":true,"href":"https:\/\/hautjurapiecesauto.fr\/index.php?rest_route=\/wp\/v2\/users\/1"}],"replies":[{"embeddable":true,"href":"https:\/\/hautjurapiecesauto.fr\/index.php?rest_route=%2Fwp%2Fv2%2Fcomments&post=2168"}],"version-history":[{"count":6,"href":"https:\/\/hautjurapiecesauto.fr\/index.php?rest_route=\/wp\/v2\/pages\/2168\/revisions"}],"predecessor-version":[{"id":2178,"href":"https:\/\/hautjurapiecesauto.fr\/index.php?rest_route=\/wp\/v2\/pages\/2168\/revisions\/2178"}],"wp:attachment":[{"href":"https:\/\/hautjurapiecesauto.fr\/index.php?rest_route=%2Fwp%2Fv2%2Fmedia&parent=2168"}],"curies":[{"name":"wp","href":"https:\/\/api.w.org\/{rel}","templated":true}]}}