{"id":773,"date":"2023-07-10T12:11:38","date_gmt":"2023-07-10T10:11:38","guid":{"rendered":"https:\/\/hautjurapiecesauto.fr\/?page_id=773"},"modified":"2023-08-01T15:07:08","modified_gmt":"2023-08-01T13:07:08","slug":"amortisseur-f","status":"publish","type":"page","link":"https:\/\/hautjurapiecesauto.fr\/?page_id=773","title":{"rendered":"Amortisseur (F)"},"content":{"rendered":"\n<div class=\"section-wrapper\" data-id=\"PQ7OnI\"><section class=\"wp-block-gutenverse-section guten-element guten-section guten-PQ7OnI layout-boxed align-stretch\"><div class=\"guten-background-overlay\"><\/div><div class=\"guten-shape-divider guten-shape-divider-top\"><\/div><div class=\"guten-shape-divider guten-shape-divider-bottom\"><\/div><div class=\"guten-container guten-column-gap-default\">\n<div class=\"wp-block-gutenverse-column guten-element guten-column guten-mEeMJE\"><div class=\"guten-background-overlay\"><\/div><div class=\"sticky-wrapper\" data-id=\"mEeMJE\"><div class=\"guten-column-wrapper\">\n<div class=\"section-wrapper\" data-id=\"6AhOSn\"><section class=\"wp-block-gutenverse-section guten-element guten-section guten-6AhOSn layout-boxed align-stretch\"><div class=\"guten-background-overlay\"><\/div><div class=\"guten-shape-divider guten-shape-divider-top\"><\/div><div class=\"guten-shape-divider guten-shape-divider-bottom\"><\/div><div class=\"guten-container guten-column-gap-default\">\n<div class=\"wp-block-gutenverse-column guten-element guten-column guten-a5R6HO\"><div class=\"guten-background-overlay\"><\/div><div class=\"sticky-wrapper\" data-id=\"a5R6HO\"><div class=\"guten-column-wrapper\"><\/div><\/div><\/div>\n<\/div><\/section><\/div>\n\n\n\n<div class=\"section-wrapper\" data-id=\"RBxBO1\"><section class=\"wp-block-gutenverse-section guten-element guten-section guten-RBxBO1 layout-boxed align-stretch\"><div class=\"guten-background-overlay\"><\/div><div class=\"guten-shape-divider guten-shape-divider-top\"><\/div><div class=\"guten-shape-divider guten-shape-divider-bottom\"><\/div><div class=\"guten-container guten-column-gap-default\">\n<div class=\"wp-block-gutenverse-column guten-element guten-column guten-M2UT7p\"><div class=\"guten-background-overlay\"><\/div><div class=\"sticky-wrapper\" data-id=\"M2UT7p\"><div class=\"guten-column-wrapper\">\n<div class=\"guten-Ji2Eru gutenverse-image-box guten-element style-default\"><div class=\"image-box-header\"><img loading=\"lazy\" decoding=\"async\" class=\"gutenverse-image-box-filled\" src=\"http:\/\/hautjurapiecesauto.fr\/wp-content\/uploads\/2023\/07\/Sachs-scaled.jpg\" height=\"2560\" width=\"1920\"\/><\/div><div class=\"image-box-body\"><div class=\"body-inner\"><h3 class=\"body-title icon-position-before\"><i><\/i><span>Amortisseur Sachs Sporting neuf pour Formule Ford Swift<br><br>416\u20acht soit 500\u20acttc les 2<\/span><\/h3><p class=\"body-description\"><\/p>\n<div class=\"guten-element guten-button-wrapper guten-9MdxVG\"><a class=\"guten-button guten-button-sm\" href=\"#\"><span><\/span><\/a><\/div>\n<\/div><\/div><\/div>\n<\/div><\/div><\/div>\n\n\n\n<div class=\"wp-block-gutenverse-column guten-element guten-column guten-MWsXu3\"><div class=\"guten-background-overlay\"><\/div><div class=\"sticky-wrapper\" data-id=\"MWsXu3\"><div class=\"guten-column-wrapper\">\n<div class=\"wp-block-gutenverse-image guten-element guten-image guten-LhX1CR\"><a class=\"guten-image-wrapper\"><img loading=\"lazy\" decoding=\"async\" class=\"gutenverse-image-box-filled\" src=\"http:\/\/hautjurapiecesauto.fr\/wp-content\/uploads\/2023\/07\/SportingV-scaled.jpg\" height=\"2560\" width=\"1920\"\/><\/a><\/div>\n<\/div><\/div><\/div>\n\n\n\n<div class=\"wp-block-gutenverse-column guten-element guten-column guten-n8Udkc\"><div class=\"guten-background-overlay\"><\/div><div class=\"sticky-wrapper\" data-id=\"n8Udkc\"><div class=\"guten-column-wrapper\">\n<div class=\"wp-block-gutenverse-image guten-element guten-image guten-KHZ7a3\"><a class=\"guten-image-wrapper\"><img loading=\"lazy\" decoding=\"async\" class=\"gutenverse-image-box-filled\" src=\"http:\/\/hautjurapiecesauto.fr\/wp-content\/uploads\/2023\/07\/SC92-scaled.jpg\" height=\"2560\" width=\"1920\"\/><\/a><\/div>\n<\/div><\/div><\/div>\n\n\n\n<div class=\"wp-block-gutenverse-column guten-element guten-column guten-5IAiHP\"><div class=\"guten-background-overlay\"><\/div><div class=\"sticky-wrapper\" data-id=\"5IAiHP\"><div class=\"guten-column-wrapper\">\n<div class=\"wp-block-gutenverse-image guten-element guten-image guten-EzN6oC\"><a class=\"guten-image-wrapper\"><img loading=\"lazy\" decoding=\"async\" class=\"gutenverse-image-box-filled\" src=\"http:\/\/hautjurapiecesauto.fr\/wp-content\/uploads\/2023\/07\/FF-scaled.jpg\" height=\"2560\" width=\"1920\"\/><\/a><\/div>\n<\/div><\/div><\/div>\n<\/div><\/section><\/div>\n\n\n\n<div class=\"section-wrapper\" data-id=\"U6sQMT\"><section class=\"wp-block-gutenverse-section guten-element guten-section guten-U6sQMT layout-boxed align-stretch\"><div class=\"guten-background-overlay\"><\/div><div class=\"guten-shape-divider guten-shape-divider-top\"><\/div><div class=\"guten-shape-divider guten-shape-divider-bottom\"><\/div><div class=\"guten-container guten-column-gap-default\">\n<div class=\"wp-block-gutenverse-column guten-element guten-column guten-vUE5VD\"><div class=\"guten-background-overlay\"><\/div><div class=\"sticky-wrapper\" data-id=\"vUE5VD\"><div class=\"guten-column-wrapper\">\n<p class=\"has-sixth-color has-text-color\"><strong>&#8211; Amortisseur Sachs Sporting neuf pour Formule Ford Swift <\/strong><\/p>\n\n\n\n<p class=\"has-sixth-color has-text-color\"><\/p>\n\n\n\n<p><\/p>\n\n\n\n<p class=\"has-sixth-color has-text-color\">Axe rotules 360mm, course 100mm tout \u00e9quip\u00e9 neuf, rotules, coupelles sup et inf r\u00e9glable avec contre \u00e9crou alu.<\/p>\n<\/div><\/div><\/div>\n<\/div><\/section><\/div>\n\n\n\n<p class=\"has-sixth-color has-text-color\"><\/p>\n\n\n\n<div class=\"section-wrapper\" data-id=\"8JvLvJ\"><section class=\"wp-block-gutenverse-section guten-element guten-section guten-8JvLvJ layout-boxed align-stretch\"><div class=\"guten-background-overlay\"><\/div><div class=\"guten-shape-divider guten-shape-divider-top\"><\/div><div class=\"guten-shape-divider guten-shape-divider-bottom\"><\/div><div class=\"guten-container guten-column-gap-default\">\n<div class=\"wp-block-gutenverse-column guten-element guten-column guten-sOTQP7\"><div class=\"guten-background-overlay\"><\/div><div class=\"sticky-wrapper\" data-id=\"sOTQP7\"><div class=\"guten-column-wrapper\">\n<p class=\"has-text-align-center has-sixth-color has-text-color\"><strong>&#8211; Amortisseur Sachs Sporting neuf pour Formule Ford Swift<\/strong><\/p>\n\n\n\n<p class=\"has-text-align-center has-sixth-color has-text-color\">360mm&nbsp;ball&nbsp;joint&nbsp;axle,&nbsp;100mm&nbsp;stroke&nbsp;fully&nbsp;equipped&nbsp;new,&nbsp;ball&nbsp;joints,&nbsp;upper&nbsp;and&nbsp;lower&nbsp;cups&nbsp;adjustable&nbsp;with&nbsp;aluminum&nbsp;lock&nbsp;nut.<\/p>\n<\/div><\/div><\/div>\n<\/div><\/section><\/div>\n\n\n\n<p><\/p>\n<\/div><\/div><\/div>\n<\/div><\/section><\/div>\n","protected":false},"excerpt":{"rendered":"","protected":false},"author":1,"featured_media":0,"parent":0,"menu_order":0,"comment_status":"closed","ping_status":"closed","template":"wp-custom-template-ff-1600-parts","meta":{"footnotes":""},"class_list":["post-773","page","type-page","status-publish","hentry"],"_links":{"self":[{"href":"https:\/\/hautjurapiecesauto.fr\/index.php?rest_route=\/wp\/v2\/pages\/773","targetHints":{"allow":["GET"]}}],"collection":[{"href":"https:\/\/hautjurapiecesauto.fr\/index.php?rest_route=\/wp\/v2\/pages"}],"about":[{"href":"https:\/\/hautjurapiecesauto.fr\/index.php?rest_route=\/wp\/v2\/types\/page"}],"author":[{"embeddable":true,"href":"https:\/\/hautjurapiecesauto.fr\/index.php?rest_route=\/wp\/v2\/users\/1"}],"replies":[{"embeddable":true,"href":"https:\/\/hautjurapiecesauto.fr\/index.php?rest_route=%2Fwp%2Fv2%2Fcomments&post=773"}],"version-history":[{"count":12,"href":"https:\/\/hautjurapiecesauto.fr\/index.php?rest_route=\/wp\/v2\/pages\/773\/revisions"}],"predecessor-version":[{"id":1241,"href":"https:\/\/hautjurapiecesauto.fr\/index.php?rest_route=\/wp\/v2\/pages\/773\/revisions\/1241"}],"wp:attachment":[{"href":"https:\/\/hautjurapiecesauto.fr\/index.php?rest_route=%2Fwp%2Fv2%2Fmedia&parent=773"}],"curies":[{"name":"wp","href":"https:\/\/api.w.org\/{rel}","templated":true}]}}